{"id":7,"date":"2020-04-06T15:40:54","date_gmt":"2020-04-06T15:40:54","guid":{"rendered":"http:\/\/www.rmvg.at\/?page_id=7"},"modified":"2025-11-20T10:36:51","modified_gmt":"2025-11-20T09:36:51","slug":"elementor-7","status":"publish","type":"page","link":"https:\/\/www.rmvg.at\/","title":{"rendered":"Umweltbetriebe Erzberg"},"content":{"rendered":"\t\t<div data-elementor-type=\"wp-page\" data-elementor-id=\"7\" class=\"elementor elementor-7\" data-elementor-post-type=\"page\">\n\t\t\t\t\t\t<section class=\"elementor-section elementor-top-section elementor-element elementor-element-51a659a elementor-section-boxed elementor-section-height-default elementor-section-height-default\" data-id=\"51a659a\" data-element_type=\"section\" data-e-type=\"section\" data-settings=\"{&quot;background_background&quot;:&quot;classic&quot;}\">\n\t\t\t\t\t\t\t<div class=\"elementor-background-overlay\"><\/div>\n\t\t\t\t\t\t\t<div class=\"elementor-container elementor-column-gap-default\">\n\t\t\t\t\t<div class=\"elementor-column elementor-col-100 elementor-top-column elementor-element elementor-element-fdccdb1\" data-id=\"fdccdb1\" data-element_type=\"column\" data-e-type=\"column\">\n\t\t\t<div class=\"elementor-widget-wrap elementor-element-populated\">\n\t\t\t\t\t\t<div class=\"elementor-element elementor-element-7aa48fa elementor-widget elementor-widget-heading\" data-id=\"7aa48fa\" data-element_type=\"widget\" data-e-type=\"widget\" data-widget_type=\"heading.default\">\n\t\t\t\t<div class=\"elementor-widget-container\">\n\t\t\t\t\t<h2 class=\"elementor-heading-title elementor-size-default\">Verantwortung und Nachhaltigkeit als Prinzip<\/h2>\t\t\t\t<\/div>\n\t\t\t\t<\/div>\n\t\t\t\t<div class=\"elementor-element elementor-element-c74f208 elementor-widget elementor-widget-text-editor\" data-id=\"c74f208\" data-element_type=\"widget\" data-e-type=\"widget\" data-widget_type=\"text-editor.default\">\n\t\t\t\t<div class=\"elementor-widget-container\">\n\t\t\t\t\t\t\t\t\t<p>Umweltbetriebe Erzberg<\/p>\t\t\t\t\t\t\t\t<\/div>\n\t\t\t\t<\/div>\n\t\t\t\t\t<\/div>\n\t\t<\/div>\n\t\t\t\t\t<\/div>\n\t\t<\/section>\n\t\t\t\t<section class=\"elementor-section elementor-top-section elementor-element elementor-element-c9bba32 elementor-section-boxed elementor-section-height-default elementor-section-height-default\" data-id=\"c9bba32\" data-element_type=\"section\" data-e-type=\"section\">\n\t\t\t\t\t\t<div class=\"elementor-container elementor-column-gap-default\">\n\t\t\t\t\t<div class=\"elementor-column elementor-col-100 elementor-top-column elementor-element elementor-element-313c92b\" data-id=\"313c92b\" data-element_type=\"column\" data-e-type=\"column\">\n\t\t\t<div class=\"elementor-widget-wrap elementor-element-populated\">\n\t\t\t\t\t\t<div class=\"elementor-element elementor-element-5be6862 elementor-widget elementor-widget-wp-widget-custom_html\" data-id=\"5be6862\" data-element_type=\"widget\" data-e-type=\"widget\" data-widget_type=\"wp-widget-custom_html.default\">\n\t\t\t\t<div class=\"elementor-widget-container\">\n\t\t\t\t\t<div class=\"textwidget custom-html-widget\"><ul class=\"groups\">\r\n  <li class=\"group\">\r\n    <a class=\"group-link group-rmvg\" href=\"https:\/\/www.rmvg.at\/?page_id=66\">\r\n      <div class=\"group-name\">\r\n        <div class=\"group-title\">RMVG<\/div>\r\n        <div class=\"group-subtitle\">Deponierung<\/div>\r\n      <\/div>\r\n      <img fetchpriority=\"high\" decoding=\"async\" class=\"group-image\" src=\"https:\/\/www.rmvg.at\/wp-content\/uploads\/2020\/08\/RMVG-Piktogramm_RGB_cropped.png\" alt=\"RMVG\" width=\"472\" height=\"400\" \/>\r\n    <\/a>\r\n  <\/li>\r\n  <li class=\"group\">\r\n    <a class=\"group-link group-rmvg\" href=\"https:\/\/www.rmvg.at\/?page_id=70\">\r\n      <div class=\"group-name\">\r\n        <div class=\"group-title\">RMVG<\/div>\r\n        <div class=\"group-subtitle\">Verfestigung<\/div>\r\n      <\/div>\r\n      <img decoding=\"async\" class=\"group-image\" src=\"https:\/\/www.rmvg.at\/wp-content\/uploads\/2020\/08\/RMVG-Piktogramm_RGB_cropped.png\" alt=\"RSVG-VH\" width=\"472\" height=\"400\" \/>\r\n    <\/a>\r\n  <\/li>\r\n  <li class=\"group\">\r\n    <a class=\"group-link group-rpe\" href=\"https:\/\/www.rmvg.at\/?page_id=72\">\r\n      <div class=\"group-name\">\r\n        <div class=\"group-title\">RPE<\/div>\r\n        <div class=\"group-subtitle\">Postshredder<\/div>\r\n      <\/div>\r\n      <img decoding=\"async\" class=\"group-image\" src=\"https:\/\/www.rmvg.at\/wp-content\/uploads\/2020\/08\/RPE-Piktogramm_RGB_cropped.png\" alt=\"RPE\" width=\"472\" height=\"400\" \/>\r\n    <\/a>\r\n  <\/li>\r\n  <li class=\"group\">\r\n    <a class=\"group-link group-rse\" href=\"https:\/\/www.rmvg.at\/?page_id=74\">\r\n      <div class=\"group-name\">\r\n        <div class=\"group-title\">RSE<\/div>\r\n        <div class=\"group-subtitle\">Kommunale Abfallwirtschaft<\/div>\r\n      <\/div>\r\n      <img loading=\"lazy\" decoding=\"async\" class=\"group-image\" src=\"https:\/\/www.rmvg.at\/wp-content\/uploads\/2020\/08\/RSE-Piktogramm_RGB_cropped.png\" alt=\"RSE\" width=\"472\" height=\"400\" \/>\r\n    <\/a>\r\n  <\/li>\r\n<\/ul>\r\n<\/div>\t\t\t\t<\/div>\n\t\t\t\t<\/div>\n\t\t\t\t\t<\/div>\n\t\t<\/div>\n\t\t\t\t\t<\/div>\n\t\t<\/section>\n\t\t\t\t<section class=\"elementor-section elementor-top-section elementor-element elementor-element-c494ba4 content-section elementor-reverse-mobile elementor-section-boxed elementor-section-height-default elementor-section-height-default\" data-id=\"c494ba4\" data-element_type=\"section\" data-e-type=\"section\">\n\t\t\t\t\t\t<div class=\"elementor-container elementor-column-gap-default\">\n\t\t\t\t\t<div class=\"elementor-column elementor-col-50 elementor-top-column elementor-element elementor-element-a9f4857\" data-id=\"a9f4857\" data-element_type=\"column\" data-e-type=\"column\">\n\t\t\t<div class=\"elementor-widget-wrap elementor-element-populated\">\n\t\t\t\t\t\t<div class=\"elementor-element elementor-element-cd1a2b4 elementor-widget elementor-widget-heading\" data-id=\"cd1a2b4\" data-element_type=\"widget\" data-e-type=\"widget\" data-widget_type=\"heading.default\">\n\t\t\t\t<div class=\"elementor-widget-container\">\n\t\t\t\t\t<h2 class=\"elementor-heading-title elementor-size-default\">Unternehmen<\/h2>\t\t\t\t<\/div>\n\t\t\t\t<\/div>\n\t\t\t\t<div class=\"elementor-element elementor-element-d26f076 elementor-widget elementor-widget-text-editor\" data-id=\"d26f076\" data-element_type=\"widget\" data-e-type=\"widget\" data-widget_type=\"text-editor.default\">\n\t\t\t\t<div class=\"elementor-widget-container\">\n\t\t\t\t\t\t\t\t\t<p class=\"MsoNormal\" style=\"text-align: justify;\"><span lang=\"DE\">Die <\/span><span lang=\"DE\">Restm\u00fcllverwertungs GmbH &amp; Co KG [RMVG] <\/span><span lang=\"DE\">ist Teil der \u201eUmweltbetriebe Erzberg\u201c und betreibt die h\u00f6chstgelegene Deponie \u00d6sterreichs. Seit Jahrzehnten sind wir ein verl\u00e4sslicher Partner in der Abfallwirtschaft und pflegen einen respektvollen Umgang mit Mensch und Natur.<\/span><\/p><p class=\"MsoNormal\"><span lang=\"DE\">Zu Beginn 1992 noch eine Massenabfalldeponie wurde diese sp\u00e4ter um ein Reststoffdeponie erweitert. Die hydrologischen und geologischen Gegebenheiten am Erzberg bieten einen optimalen Standort f\u00fcr die Deponie.<\/span><\/p><p>\u00a0<\/p><p class=\"MsoNormal\"><span lang=\"DE\">Um nicht direkt ablagerbare Abf\u00e4lle mit einem hohen Anteil an l\u00f6slichen anorganischen Schadstoffen auch f\u00fcr die Deponierung tauglich zu machen, wurde im Jahr 2001 eine Verfestigungsanlage errichtet.<\/span><\/p>\t\t\t\t\t\t\t\t<\/div>\n\t\t\t\t<\/div>\n\t\t\t\t\t<\/div>\n\t\t<\/div>\n\t\t\t\t<div class=\"elementor-column elementor-col-50 elementor-top-column elementor-element elementor-element-38ca124\" data-id=\"38ca124\" data-element_type=\"column\" data-e-type=\"column\">\n\t\t\t<div class=\"elementor-widget-wrap elementor-element-populated\">\n\t\t\t\t\t\t<div class=\"elementor-element elementor-element-520ed77 elementor-widget elementor-widget-image\" data-id=\"520ed77\" data-element_type=\"widget\" data-e-type=\"widget\" data-widget_type=\"image.default\">\n\t\t\t\t<div class=\"elementor-widget-container\">\n\t\t\t\t\t\t\t\t\t\t\t\t\t\t\t<img loading=\"lazy\" decoding=\"async\" width=\"1600\" height=\"1067\" src=\"https:\/\/www.rmvg.at\/wp-content\/uploads\/2021\/05\/Restm\u00fcllverwertungs_GmbH_RMVG_WEB_102.jpg\" class=\"attachment-full size-full wp-image-375\" alt=\"\" srcset=\"https:\/\/www.rmvg.at\/wp-content\/uploads\/2021\/05\/Restm\u00fcllverwertungs_GmbH_RMVG_WEB_102.jpg 1600w, https:\/\/www.rmvg.at\/wp-content\/uploads\/2021\/05\/Restm\u00fcllverwertungs_GmbH_RMVG_WEB_102-300x200.jpg 300w, https:\/\/www.rmvg.at\/wp-content\/uploads\/2021\/05\/Restm\u00fcllverwertungs_GmbH_RMVG_WEB_102-1024x683.jpg 1024w, https:\/\/www.rmvg.at\/wp-content\/uploads\/2021\/05\/Restm\u00fcllverwertungs_GmbH_RMVG_WEB_102-768x512.jpg 768w, https:\/\/www.rmvg.at\/wp-content\/uploads\/2021\/05\/Restm\u00fcllverwertungs_GmbH_RMVG_WEB_102-1536x1024.jpg 1536w\" sizes=\"(max-width: 1600px) 100vw, 1600px\" \/>\t\t\t\t\t\t\t\t\t\t\t\t\t\t\t<\/div>\n\t\t\t\t<\/div>\n\t\t\t\t\t<\/div>\n\t\t<\/div>\n\t\t\t\t\t<\/div>\n\t\t<\/section>\n\t\t\t\t<section class=\"elementor-section elementor-top-section elementor-element elementor-element-7b3d4cf content-section elementor-section-boxed elementor-section-height-default elementor-section-height-default\" data-id=\"7b3d4cf\" data-element_type=\"section\" data-e-type=\"section\">\n\t\t\t\t\t\t<div class=\"elementor-container elementor-column-gap-default\">\n\t\t\t\t\t<div class=\"elementor-column elementor-col-50 elementor-top-column elementor-element elementor-element-f611d2e\" data-id=\"f611d2e\" data-element_type=\"column\" data-e-type=\"column\">\n\t\t\t<div class=\"elementor-widget-wrap elementor-element-populated\">\n\t\t\t\t\t\t<div class=\"elementor-element elementor-element-5e5b93b elementor-widget elementor-widget-image\" data-id=\"5e5b93b\" data-element_type=\"widget\" data-e-type=\"widget\" data-widget_type=\"image.default\">\n\t\t\t\t<div class=\"elementor-widget-container\">\n\t\t\t\t\t\t\t\t\t\t\t\t\t\t\t<img loading=\"lazy\" decoding=\"async\" width=\"1600\" height=\"900\" src=\"https:\/\/www.rmvg.at\/wp-content\/uploads\/2021\/05\/Restm\u00fcllverwertungs_GmbH_RMVG_WEB_104.jpg\" class=\"attachment-full size-full wp-image-376\" alt=\"\" srcset=\"https:\/\/www.rmvg.at\/wp-content\/uploads\/2021\/05\/Restm\u00fcllverwertungs_GmbH_RMVG_WEB_104.jpg 1600w, https:\/\/www.rmvg.at\/wp-content\/uploads\/2021\/05\/Restm\u00fcllverwertungs_GmbH_RMVG_WEB_104-300x169.jpg 300w, https:\/\/www.rmvg.at\/wp-content\/uploads\/2021\/05\/Restm\u00fcllverwertungs_GmbH_RMVG_WEB_104-1024x576.jpg 1024w, https:\/\/www.rmvg.at\/wp-content\/uploads\/2021\/05\/Restm\u00fcllverwertungs_GmbH_RMVG_WEB_104-768x432.jpg 768w, https:\/\/www.rmvg.at\/wp-content\/uploads\/2021\/05\/Restm\u00fcllverwertungs_GmbH_RMVG_WEB_104-1536x864.jpg 1536w\" sizes=\"(max-width: 1600px) 100vw, 1600px\" \/>\t\t\t\t\t\t\t\t\t\t\t\t\t\t\t<\/div>\n\t\t\t\t<\/div>\n\t\t\t\t\t<\/div>\n\t\t<\/div>\n\t\t\t\t<div class=\"elementor-column elementor-col-50 elementor-top-column elementor-element elementor-element-11ca6a7\" data-id=\"11ca6a7\" data-element_type=\"column\" data-e-type=\"column\">\n\t\t\t<div class=\"elementor-widget-wrap elementor-element-populated\">\n\t\t\t\t\t\t<div class=\"elementor-element elementor-element-f670093 elementor-widget elementor-widget-heading\" data-id=\"f670093\" data-element_type=\"widget\" data-e-type=\"widget\" data-widget_type=\"heading.default\">\n\t\t\t\t<div class=\"elementor-widget-container\">\n\t\t\t\t\t<h2 class=\"elementor-heading-title elementor-size-default\">Leistungen<\/h2>\t\t\t\t<\/div>\n\t\t\t\t<\/div>\n\t\t\t\t<div class=\"elementor-element elementor-element-751fed2 elementor-widget elementor-widget-text-editor\" data-id=\"751fed2\" data-element_type=\"widget\" data-e-type=\"widget\" data-widget_type=\"text-editor.default\">\n\t\t\t\t<div class=\"elementor-widget-container\">\n\t\t\t\t\t\t\t\t\t<p class=\"MsoNormal\"><span lang=\"DE\">Die RMVG bietet f\u00fcr die Deponierung von Massenabf\u00e4llen, Reststoffen und stark alkalischen Abf\u00e4llen geeignete Kompartimente an. <\/span><\/p><p>\u00a0<\/p><p class=\"MsoNormal\"><span lang=\"DE\">In der Verfestigungsanlage k\u00f6nnen Abf\u00e4lle stabilisiert werden welche als Siloware, lose oder in Big Bags angeliefert werden.<\/span><\/p>\t\t\t\t\t\t\t\t<\/div>\n\t\t\t\t<\/div>\n\t\t\t\t\t<\/div>\n\t\t<\/div>\n\t\t\t\t\t<\/div>\n\t\t<\/section>\n\t\t\t\t<section class=\"elementor-section elementor-top-section elementor-element elementor-element-21fdeb2 content-section elementor-reverse-mobile elementor-section-boxed elementor-section-height-default elementor-section-height-default\" data-id=\"21fdeb2\" data-element_type=\"section\" data-e-type=\"section\">\n\t\t\t\t\t\t<div class=\"elementor-container elementor-column-gap-default\">\n\t\t\t\t\t<div class=\"elementor-column elementor-col-50 elementor-top-column elementor-element elementor-element-8253204\" data-id=\"8253204\" data-element_type=\"column\" data-e-type=\"column\">\n\t\t\t<div class=\"elementor-widget-wrap elementor-element-populated\">\n\t\t\t\t\t\t<div class=\"elementor-element elementor-element-57db57e elementor-widget elementor-widget-heading\" data-id=\"57db57e\" data-element_type=\"widget\" data-e-type=\"widget\" data-widget_type=\"heading.default\">\n\t\t\t\t<div class=\"elementor-widget-container\">\n\t\t\t\t\t<h2 class=\"elementor-heading-title elementor-size-default\">Nachhaltigkeit<\/h2>\t\t\t\t<\/div>\n\t\t\t\t<\/div>\n\t\t\t\t<div class=\"elementor-element elementor-element-4546d12 elementor-widget elementor-widget-text-editor\" data-id=\"4546d12\" data-element_type=\"widget\" data-e-type=\"widget\" data-widget_type=\"text-editor.default\">\n\t\t\t\t<div class=\"elementor-widget-container\">\n\t\t\t\t\t\t\t\t\t<p>Nachhaltigkeit bedeutet, ein nat\u00fcrliches System ausschlie\u00dflich so zu nutzen, dass es in seinem wesentlichen Charakter und in seinen Eigenschaften langfristig erhalten bleibt.<\/p><p>Wir, die Umweltbetriebe Erzberg, betreiben unsere Abfallwirtschaft im Sinne von Vorsorgeprinzipien und Nachhaltigkeit.\u00a0<\/p><p>Der Umweltschutz spielt f\u00fcr uns eine gro\u00dfe Rolle, deshalb orientieren sich unsere Ziele am Grundsatz der nachhaltigen Entwicklung. Die Schonung von nat\u00fcrlichen Ressourcen, sowie der Schutz von Boden, Wasser und Luft stehen hierbei im Mittelpunkt.<\/p><p>Auch die Kreislaufwirtschaft ist f\u00fcr uns ein wichtiges Prinzip, was sich in unseren umweltgerechten Anlagen und deren Ausstattung zeigt.<\/p>\t\t\t\t\t\t\t\t<\/div>\n\t\t\t\t<\/div>\n\t\t\t\t\t<\/div>\n\t\t<\/div>\n\t\t\t\t<div class=\"elementor-column elementor-col-50 elementor-top-column elementor-element elementor-element-8112f12\" data-id=\"8112f12\" data-element_type=\"column\" data-e-type=\"column\">\n\t\t\t<div class=\"elementor-widget-wrap elementor-element-populated\">\n\t\t\t\t\t\t<div class=\"elementor-element elementor-element-3d7dadf elementor-widget elementor-widget-image\" data-id=\"3d7dadf\" data-element_type=\"widget\" data-e-type=\"widget\" data-widget_type=\"image.default\">\n\t\t\t\t<div class=\"elementor-widget-container\">\n\t\t\t\t\t\t\t\t\t\t\t\t\t\t\t<img loading=\"lazy\" decoding=\"async\" width=\"1920\" height=\"1440\" src=\"https:\/\/www.rmvg.at\/wp-content\/uploads\/2020\/05\/aaron-burden-dXYE1d08BiY-unsplash.jpg\" class=\"attachment-full size-full wp-image-147\" alt=\"\" srcset=\"https:\/\/www.rmvg.at\/wp-content\/uploads\/2020\/05\/aaron-burden-dXYE1d08BiY-unsplash.jpg 1920w, https:\/\/www.rmvg.at\/wp-content\/uploads\/2020\/05\/aaron-burden-dXYE1d08BiY-unsplash-300x225.jpg 300w, https:\/\/www.rmvg.at\/wp-content\/uploads\/2020\/05\/aaron-burden-dXYE1d08BiY-unsplash-1024x768.jpg 1024w, https:\/\/www.rmvg.at\/wp-content\/uploads\/2020\/05\/aaron-burden-dXYE1d08BiY-unsplash-768x576.jpg 768w, https:\/\/www.rmvg.at\/wp-content\/uploads\/2020\/05\/aaron-burden-dXYE1d08BiY-unsplash-1536x1152.jpg 1536w\" sizes=\"(max-width: 1920px) 100vw, 1920px\" \/>\t\t\t\t\t\t\t\t\t\t\t\t\t\t\t<\/div>\n\t\t\t\t<\/div>\n\t\t\t\t\t<\/div>\n\t\t<\/div>\n\t\t\t\t\t<\/div>\n\t\t<\/section>\n\t\t\t\t<section class=\"elementor-section elementor-top-section elementor-element elementor-element-9479ab2 content-section elementor-section-boxed elementor-section-height-default elementor-section-height-default\" data-id=\"9479ab2\" data-element_type=\"section\" data-e-type=\"section\">\n\t\t\t\t\t\t<div class=\"elementor-container elementor-column-gap-default\">\n\t\t\t\t\t<div class=\"elementor-column elementor-col-50 elementor-top-column elementor-element elementor-element-4f5c191\" data-id=\"4f5c191\" data-element_type=\"column\" data-e-type=\"column\">\n\t\t\t<div class=\"elementor-widget-wrap elementor-element-populated\">\n\t\t\t\t\t\t<div class=\"elementor-element elementor-element-86ca60b elementor-widget elementor-widget-image\" data-id=\"86ca60b\" data-element_type=\"widget\" data-e-type=\"widget\" data-widget_type=\"image.default\">\n\t\t\t\t<div class=\"elementor-widget-container\">\n\t\t\t\t\t\t\t\t\t\t\t\t\t\t\t<img loading=\"lazy\" decoding=\"async\" width=\"1920\" height=\"1275\" src=\"https:\/\/www.rmvg.at\/wp-content\/uploads\/2020\/05\/william-iven-SpVHcbuKi6E-unsplash.jpg\" class=\"attachment-full size-full wp-image-148\" alt=\"\" srcset=\"https:\/\/www.rmvg.at\/wp-content\/uploads\/2020\/05\/william-iven-SpVHcbuKi6E-unsplash.jpg 1920w, https:\/\/www.rmvg.at\/wp-content\/uploads\/2020\/05\/william-iven-SpVHcbuKi6E-unsplash-300x199.jpg 300w, https:\/\/www.rmvg.at\/wp-content\/uploads\/2020\/05\/william-iven-SpVHcbuKi6E-unsplash-1024x680.jpg 1024w, https:\/\/www.rmvg.at\/wp-content\/uploads\/2020\/05\/william-iven-SpVHcbuKi6E-unsplash-768x510.jpg 768w, https:\/\/www.rmvg.at\/wp-content\/uploads\/2020\/05\/william-iven-SpVHcbuKi6E-unsplash-1536x1020.jpg 1536w\" sizes=\"(max-width: 1920px) 100vw, 1920px\" \/>\t\t\t\t\t\t\t\t\t\t\t\t\t\t\t<\/div>\n\t\t\t\t<\/div>\n\t\t\t\t\t<\/div>\n\t\t<\/div>\n\t\t\t\t<div class=\"elementor-column elementor-col-50 elementor-top-column elementor-element elementor-element-115d6db\" data-id=\"115d6db\" data-element_type=\"column\" data-e-type=\"column\">\n\t\t\t<div class=\"elementor-widget-wrap elementor-element-populated\">\n\t\t\t\t\t\t<div class=\"elementor-element elementor-element-670f55e elementor-widget elementor-widget-heading\" data-id=\"670f55e\" data-element_type=\"widget\" data-e-type=\"widget\" data-widget_type=\"heading.default\">\n\t\t\t\t<div class=\"elementor-widget-container\">\n\t\t\t\t\t<h2 class=\"elementor-heading-title elementor-size-default\">Kontakt<\/h2>\t\t\t\t<\/div>\n\t\t\t\t<\/div>\n\t\t\t\t<div class=\"elementor-element elementor-element-7e54121 elementor-widget elementor-widget-text-editor\" data-id=\"7e54121\" data-element_type=\"widget\" data-e-type=\"widget\" data-widget_type=\"text-editor.default\">\n\t\t\t\t<div class=\"elementor-widget-container\">\n\t\t\t\t\t\t\t\t\t<p>Wir sind gerne f\u00fcr Sie da von Montag bis Freitag zu unseren \u00d6ffnungszeiten zwischen 7:30 und 16:00 Uhr.<\/p>\n<p>Sie erreichen uns unter:<\/p>\n<p>Restm\u00fcllverwertungs GmbH &amp; CO KG<\/p>\n<p>Erzberg 3<\/p>\n<p>8790 Eisenerz<\/p>\n<p><br><\/p>\n<p>+43 (0) 3848 5700<\/p>\n<p><a href=\"mailto:umwelt-erzberg@rmvg.at\" target=\"_blank\">umwelt-erzberg@rmvg.at<\/a><br><\/p>\t\t\t\t\t\t\t\t<\/div>\n\t\t\t\t<\/div>\n\t\t\t\t\t<\/div>\n\t\t<\/div>\n\t\t\t\t\t<\/div>\n\t\t<\/section>\n\t\t\t\t<\/div>\n\t\t","protected":false},"excerpt":{"rendered":"<p>Verantwortung und Nachhaltigkeit als Prinzip Umweltbetriebe Erzberg Unternehmen Die Restm\u00fcllverwertungs GmbH &amp; Co KG [RMVG] ist Teil der \u201eUmweltbetriebe Erzberg\u201c und betreibt die h\u00f6chstgelegene Deponie \u00d6sterreichs. Seit Jahrzehnten sind wir ein verl\u00e4sslicher Partner in der Abfallwirtschaft und pflegen einen respektvollen Umgang mit Mensch und Natur. Zu Beginn 1992 noch eine Massenabfalldeponie wurde diese sp\u00e4ter um [&hellip;]<\/p>\n","protected":false},"author":1,"featured_media":0,"parent":0,"menu_order":0,"comment_status":"closed","ping_status":"closed","template":"","meta":{"footnotes":""},"class_list":["post-7","page","type-page","status-publish","hentry"],"_links":{"self":[{"href":"https:\/\/www.rmvg.at\/index.php?rest_route=\/wp\/v2\/pages\/7","targetHints":{"allow":["GET"]}}],"collection":[{"href":"https:\/\/www.rmvg.at\/index.php?rest_route=\/wp\/v2\/pages"}],"about":[{"href":"https:\/\/www.rmvg.at\/index.php?rest_route=\/wp\/v2\/types\/page"}],"author":[{"embeddable":true,"href":"https:\/\/www.rmvg.at\/index.php?rest_route=\/wp\/v2\/users\/1"}],"replies":[{"embeddable":true,"href":"https:\/\/www.rmvg.at\/index.php?rest_route=%2Fwp%2Fv2%2Fcomments&post=7"}],"version-history":[{"count":67,"href":"https:\/\/www.rmvg.at\/index.php?rest_route=\/wp\/v2\/pages\/7\/revisions"}],"predecessor-version":[{"id":725,"href":"https:\/\/www.rmvg.at\/index.php?rest_route=\/wp\/v2\/pages\/7\/revisions\/725"}],"wp:attachment":[{"href":"https:\/\/www.rmvg.at\/index.php?rest_route=%2Fwp%2Fv2%2Fmedia&parent=7"}],"curies":[{"name":"wp","href":"https:\/\/api.w.org\/{rel}","templated":true}]}}